{"id":100,"date":"2018-12-16T19:10:24","date_gmt":"2018-12-16T19:10:24","guid":{"rendered":"http:\/\/arztpraxis-bleicher.de\/?page_id=100"},"modified":"2018-12-18T19:34:14","modified_gmt":"2018-12-18T19:34:14","slug":"skinbooster","status":"publish","type":"page","link":"http:\/\/arztpraxis-bleicher.de\/?page_id=100","title":{"rendered":"Skinbooster \u2013 Der Frischekick f\u00fcr ihre Haut"},"content":{"rendered":"<div class=\"su-spoiler su-spoiler-style-default su-spoiler-icon-plus su-spoiler-closed\" data-scroll-offset=\"0\" data-anchor-in-url=\"no\"><div class=\"su-spoiler-title\" tabindex=\"0\" role=\"button\"><span class=\"su-spoiler-icon\"><\/span>Was bewirken Skinbooster?<\/div><div class=\"su-spoiler-content su-u-clearfix su-u-trim\">\nBereits ab Mitte 20 beginnen erste Ver\u00e4nderungen des Hautstoffwechsels die allm\u00e4hlich zu den klassischen Zeichen der Hautalterung f\u00fchren. Durch Fl\u00fcssigkeits- und Volumenverlust kommt es zu fehlender Elastizit\u00e4t der Haut. Das Ergebnis sind h\u00e4ufig ein fahler Teint, kleine Knitterf\u00e4ltchen oder ein weniger glattes Hautbild. Dies l\u00e4sst ihre Haut m\u00fcder und \u00e4lter wirken.<br \/>\nDurch den fl\u00e4chigen Einsatz von Skinbooster in die mittleren Hautschichten wird die Haut zur Regeneration angeregt. Zudem binden Skinbooster Feuchtigkeit wodurch die Haut von innen heraus befeuchtet wird. Dadurch entsteht ein ebenm\u00e4\u00dfigeres Hautbild. Ihre Haut wirkt insgesamt jugendlicher, frischer und strahlender.<br \/>\n<\/div><\/div>\n\n\n<div class=\"su-spoiler su-spoiler-style-default su-spoiler-icon-plus su-spoiler-closed\" data-scroll-offset=\"0\" data-anchor-in-url=\"no\"><div class=\"su-spoiler-title\" tabindex=\"0\" role=\"button\"><span class=\"su-spoiler-icon\"><\/span>Was sind Skinbooster?<\/div><div class=\"su-spoiler-content su-u-clearfix su-u-trim\">\nSkinbooster bestehen aus Hyalurons\u00e4ure. Diese werden zur Verbesserung der Hautqualit\u00e4t (Steigerung von Feuchtigkeitsgehalt, Elastizit\u00e4t und Gl\u00e4tte der Haut) an Gesicht, Hals, Dekollet\u00e9 und H\u00e4nden angewandt.<br \/>\n<\/div><\/div>\n\n\n<div class=\"su-spoiler su-spoiler-style-default su-spoiler-icon-plus su-spoiler-closed\" data-scroll-offset=\"0\" data-anchor-in-url=\"no\"><div class=\"su-spoiler-title\" tabindex=\"0\" role=\"button\"><span class=\"su-spoiler-icon\"><\/span>Behandlungsablauf und Ergebnis<\/div><div class=\"su-spoiler-content su-u-clearfix su-u-trim\">\nDie relevanten Hautareale werden gereinigt und desinfiziert. Danach wird mittels d\u00fcnner Nadeln der Skinbooster in die mittlere Hautschicht injiziert.<br \/>\nBei der Erstbehandlung mit Skinboostern sind optimalerweise drei Behandlung jeweils im Abstand von ca. 4 Wochen erforderlich. Eine sichtbare Verbesserung der Hautqualit\u00e4t stellt sich meist wenige Wochen nach einer ersten Behandlungsserie ein.<br \/>\n<\/div><\/div>\n\n\n<div class=\"su-spoiler su-spoiler-style-default su-spoiler-icon-plus su-spoiler-closed\" data-scroll-offset=\"0\" data-anchor-in-url=\"no\"><div class=\"su-spoiler-title\" tabindex=\"0\" role=\"button\"><span class=\"su-spoiler-icon\"><\/span>Wie lange h\u00e4lt die Wirkung?<\/div><div class=\"su-spoiler-content su-u-clearfix su-u-trim\">\nDie von uns verwendeten Restylane-Skinbooster zeigen nach 3 Aufbaubehandlungen in jeweils vierw\u00f6chigem Abstand einen Hautstraffungseffekt und eine Verbesserung der Hautqualit\u00e4t die mindestens f\u00fcr 12 Monate anh\u00e4lt.<br \/>\nEs k\u00f6nnen auch nach einmaliger Behandlung Effekte erzielt werden, die jedoch nicht so langanhaltend sind weshalb wir den Behandlungszyklus von 3 Aufbaubehandlungen empfehlen.<br \/>\nZur Auffrischung werden nach ca. 12-18 Monaten, 1-2 Auffrischungsbehandlungen empfohlen. Die f\u00fchrt zu einer langanhaltenden, langfristigen Verbesserung der Hautqualit\u00e4t, da nachweisbar Kollagenfasern zur Neubildung angeregt werden.<br \/>\n<\/div><\/div>\n","protected":false},"excerpt":{"rendered":"","protected":false},"author":1,"featured_media":0,"parent":62,"menu_order":3,"comment_status":"closed","ping_status":"closed","template":"","meta":{"footnotes":""},"class_list":["post-100","page","type-page","status-publish","hentry"],"_links":{"self":[{"href":"http:\/\/arztpraxis-bleicher.de\/index.php?rest_route=\/wp\/v2\/pages\/100","targetHints":{"allow":["GET"]}}],"collection":[{"href":"http:\/\/arztpraxis-bleicher.de\/index.php?rest_route=\/wp\/v2\/pages"}],"about":[{"href":"http:\/\/arztpraxis-bleicher.de\/index.php?rest_route=\/wp\/v2\/types\/page"}],"author":[{"embeddable":true,"href":"http:\/\/arztpraxis-bleicher.de\/index.php?rest_route=\/wp\/v2\/users\/1"}],"replies":[{"embeddable":true,"href":"http:\/\/arztpraxis-bleicher.de\/index.php?rest_route=%2Fwp%2Fv2%2Fcomments&post=100"}],"version-history":[{"count":3,"href":"http:\/\/arztpraxis-bleicher.de\/index.php?rest_route=\/wp\/v2\/pages\/100\/revisions"}],"predecessor-version":[{"id":202,"href":"http:\/\/arztpraxis-bleicher.de\/index.php?rest_route=\/wp\/v2\/pages\/100\/revisions\/202"}],"up":[{"embeddable":true,"href":"http:\/\/arztpraxis-bleicher.de\/index.php?rest_route=\/wp\/v2\/pages\/62"}],"wp:attachment":[{"href":"http:\/\/arztpraxis-bleicher.de\/index.php?rest_route=%2Fwp%2Fv2%2Fmedia&parent=100"}],"curies":[{"name":"wp","href":"https:\/\/api.w.org\/{rel}","templated":true}]}}