{"id":114,"date":"2018-12-16T19:37:49","date_gmt":"2018-12-16T19:37:49","guid":{"rendered":"http:\/\/arztpraxis-bleicher.de\/?page_id=114"},"modified":"2018-12-18T19:30:02","modified_gmt":"2018-12-18T19:30:02","slug":"uebermaessiges-schwitzen","status":"publish","type":"page","link":"http:\/\/arztpraxis-bleicher.de\/?page_id=114","title":{"rendered":"Therapie bei \u00fcberm\u00e4\u00dfigem Schwitzen"},"content":{"rendered":"\n<p>Viele Menschen leiden unter ungew\u00f6hnlich starkem Schwitzen, einer sogenannten Hyperhidrose. Selbst in Ruhe und bei k\u00fchlen Temperaturen kommt es zu einer erh\u00f6hten Schwei\u00dfproduktion unter den Achseln, den H\u00e4nden, F\u00fc\u00dfen oder der Stirn. Die Betroffenen sind dadurch sozial h\u00e4ufig enorm belastet. Gerade im Sommer oder bei enganliegender Kleidung k\u00f6nnen die Schwei\u00dfflecken unter den Armen auffallend und st\u00f6rend sein. <\/p>\n\n\n\n<p>Es stehen spezielle Deos und Pflegeprodukte zur Verf\u00fcgung, die h\u00e4ufig leider nur einen geringen Effekt erzielen. Eine bisher noch wenig bekannte aber sehr gute und sichere M\u00f6glichkeit ist die gezielte Behandlung mit Botulinumtoxin. <\/p>\n\n\n\n<p>Die Schwei\u00dfdr\u00fcsen in den Achselh\u00f6hlen lassen sich sehr gut mit Botulinumtoxin ruhig stellen. Hierf\u00fcr werden kleine Mengen des Medikaments mit sehr feinen Nadeln nach Auftragen einer Bet\u00e4ubungscreme in die oberste Hautschicht gespritzt. Dort hemmt Botulinumtoxin die Weiterleitung vom Nerv zu den Schwei\u00dfdr\u00fcsen wodurch die Schwei\u00dfproduktion eingestellt wird. <\/p>\n\n\n\n<p>Bereits nach wenigen Tagen kommt es zu einem beeindruckenden Effekt. Die Schwei\u00dfproduktion nimmt ab und erreicht nach 1-2 Wochen das Wirkmaximum. Der Einsatz von Botox f\u00fchrt bei dieser Behandlungsmethode zu einer Erfolgsquote von \u00fcber 90% und ist sehr gut vertr\u00e4glich. Da Botox im Laufe der Zeit abgebaut wird, sollte die Behandlung nach 6-12 Monaten wiederholt werden. <\/p>\n","protected":false},"excerpt":{"rendered":"<p>Viele Menschen leiden unter ungew\u00f6hnlich starkem Schwitzen, einer sogenannten Hyperhidrose. Selbst in Ruhe und bei k\u00fchlen Temperaturen kommt es zu einer erh\u00f6hten Schwei\u00dfproduktion unter den Achseln, den H\u00e4nden, F\u00fc\u00dfen oder der Stirn. Die Betroffenen sind dadurch sozial h\u00e4ufig enorm belastet.<\/p>\n","protected":false},"author":1,"featured_media":0,"parent":33,"menu_order":2,"comment_status":"closed","ping_status":"closed","template":"","meta":{"footnotes":""},"class_list":["post-114","page","type-page","status-publish","hentry"],"_links":{"self":[{"href":"http:\/\/arztpraxis-bleicher.de\/index.php?rest_route=\/wp\/v2\/pages\/114","targetHints":{"allow":["GET"]}}],"collection":[{"href":"http:\/\/arztpraxis-bleicher.de\/index.php?rest_route=\/wp\/v2\/pages"}],"about":[{"href":"http:\/\/arztpraxis-bleicher.de\/index.php?rest_route=\/wp\/v2\/types\/page"}],"author":[{"embeddable":true,"href":"http:\/\/arztpraxis-bleicher.de\/index.php?rest_route=\/wp\/v2\/users\/1"}],"replies":[{"embeddable":true,"href":"http:\/\/arztpraxis-bleicher.de\/index.php?rest_route=%2Fwp%2Fv2%2Fcomments&post=114"}],"version-history":[{"count":5,"href":"http:\/\/arztpraxis-bleicher.de\/index.php?rest_route=\/wp\/v2\/pages\/114\/revisions"}],"predecessor-version":[{"id":200,"href":"http:\/\/arztpraxis-bleicher.de\/index.php?rest_route=\/wp\/v2\/pages\/114\/revisions\/200"}],"up":[{"embeddable":true,"href":"http:\/\/arztpraxis-bleicher.de\/index.php?rest_route=\/wp\/v2\/pages\/33"}],"wp:attachment":[{"href":"http:\/\/arztpraxis-bleicher.de\/index.php?rest_route=%2Fwp%2Fv2%2Fmedia&parent=114"}],"curies":[{"name":"wp","href":"https:\/\/api.w.org\/{rel}","templated":true}]}}