{"id":128,"date":"2018-12-17T15:05:57","date_gmt":"2018-12-17T15:05:57","guid":{"rendered":"http:\/\/arztpraxis-bleicher.de\/?page_id=128"},"modified":"2018-12-17T15:22:43","modified_gmt":"2018-12-17T15:22:43","slug":"haeufig-gestellte-fragen","status":"publish","type":"page","link":"http:\/\/arztpraxis-bleicher.de\/?page_id=128","title":{"rendered":"H\u00e4ufig gestellte Fragen"},"content":{"rendered":"<div class=\"su-spoiler su-spoiler-style-default su-spoiler-icon-plus su-spoiler-closed\" data-scroll-offset=\"0\" data-anchor-in-url=\"no\"><div class=\"su-spoiler-title\" tabindex=\"0\" role=\"button\"><span class=\"su-spoiler-icon\"><\/span>Wie entstehen Falten und Hautalterungszeichen?<\/div><div class=\"su-spoiler-content su-u-clearfix su-u-trim\">\nDie Entstehung von Falten geh\u00f6rt zum nat\u00fcrlichen Alterungsprozess. Verschiedene Faktoren beeinflussen den nat\u00fcrlichen Alterungsprozess der Haut und die Auspr\u00e4gung von Falten. Hierzu geh\u00f6ren unter anderem die individuelle Veranlagung, \u00e4u\u00dfere Einfl\u00fcsse (z.B.: Sonneneinstrahlung) sowie die pers\u00f6nlichen Lebensgewohnheiten (z.B.: Rauchen, Alkohol). Im Rahmen der Hautalterung kommt es zu unterschiedlichen Ver\u00e4nderungen der Haut sowie des anderen umgebenden Gewebes.<br \/>\n<\/div><\/div>\n\n\n<div class=\"su-spoiler su-spoiler-style-default su-spoiler-icon-plus su-spoiler-closed\" data-scroll-offset=\"0\" data-anchor-in-url=\"no\"><div class=\"su-spoiler-title\" tabindex=\"0\" role=\"button\"><span class=\"su-spoiler-icon\"><\/span>Unterschied zwischen dynamischen und statischen Falten<\/div><div class=\"su-spoiler-content su-u-clearfix su-u-trim\">\nMan unterscheidet im Gesicht zwischen dynamischen und statischen Falten. Dynamische Falten sind Falten, die durch die Aktivit\u00e4t der mimischen Gesichtsmuskeln entstehen. Dies umfasst beispielsweise die Zornesfalten (Glabellafalten) zwischen den Augenbrauen, die Kr\u00e4henf\u00fc\u00dfe seitlich der \u00e4u\u00dferen Augenwinkel, und die horizontalen Stirnfalten. Im Gegensatz dazu sind statische Falten nicht von der Aktion der Muskulatur abh\u00e4ngig. Letztere entstehen durch Einwirkung der Schwerkraft und Hautalterungszeichen wie beispielweise Elastitzit\u00e4tsverlust der Haut, Abnahme sowie Verlagerung des Weichteilgewebes.<br \/>\nAusgepr\u00e4gte Gesichtsfalten k\u00f6nnen operativ, durch Injektion von F\u00fcllmaterialien oder Medikamenten wie Botulinumtoxin Typ A, oder mittels einer Kombination dieser unterschiedlichen Methoden korrigiert werden.<br \/>\nEine Verbesserung der Hautqualit\u00e4t kann durch verschiedene Verfahren wie beispielsweise vernetzte Hyalurons\u00e4ure zur Injektion, Mikrodermabrasion, chemische Peelings, energiebasierte Systeme (z.B. Laser) oder Mikroneedling erreicht werden. Welche dieser Methoden die f\u00fcr Sie Richtige ist, h\u00e4ngt von der Lokalisation, der Art und dem Schweregrad der Falten ab.<br \/>\n<\/div><\/div>\n\n\n<div class=\"su-spoiler su-spoiler-style-default su-spoiler-icon-plus su-spoiler-closed\" data-scroll-offset=\"0\" data-anchor-in-url=\"no\"><div class=\"su-spoiler-title\" tabindex=\"0\" role=\"button\"><span class=\"su-spoiler-icon\"><\/span>Ist die Faltenunterspritzung schmerzhaft? <\/div><div class=\"su-spoiler-content su-u-clearfix su-u-trim\">\nBotulinum wird mit sehr d\u00fcnnen Nadeln und genau dosierten Spritzen in die entsprechende Muskulatur eingebracht. Vor der Behandlung werden gemeinsam die entsprechende Region und die St\u00e4rke der Behandlung festgelegt. Mehr als ein Nadelstich ist dabei nicht zu sp\u00fcren.<br \/>\nAlle Hyalurons\u00e4ure Filler, die in der Privatarztpraxis verwendet basieren auf einer weichen und geschmeidigen Gelformulierung und werden durch eine d\u00fcnne Kan\u00fcle oder Nadel in die Haut injiziert. Durch das Injizieren des Fillers k\u00f6nnten Sie einen leichten Druck versp\u00fcren, dieser l\u00e4sst nach der Injektion schnell nach. Je nach Wunsch des Patienten kann das Schmerzempfinden durch das Einf\u00fchren der Kan\u00fcle\/Nadel in die Haut mithilfe einer speziellen Bet\u00e4ubungsmittelsalbe stark reduziert werden. Zudem enthalten die Hyalurons\u00e4ure-Filler standardm\u00e4\u00dfig Lidocain. \u00c4hnlich wie bei der Spritze beim Zahnarzt ist das Schmerz- und Temperaturempfinden im behandelten Bereich f\u00fcr ca. 2 Stunden eingeschr\u00e4nkt.<br \/>\n<\/div><\/div>\n\n\n<div class=\"su-spoiler su-spoiler-style-default su-spoiler-icon-plus su-spoiler-closed\" data-scroll-offset=\"0\" data-anchor-in-url=\"no\"><div class=\"su-spoiler-title\" tabindex=\"0\" role=\"button\"><span class=\"su-spoiler-icon\"><\/span>Wie lange dauert die Behandlung?<\/div><div class=\"su-spoiler-content su-u-clearfix su-u-trim\">\nF\u00fcr eine Standard Faltenunterspritzung von einem oder zwei Bereichen planen wir 30-45 Minuten f\u00fcr Sie ein. Die Unterspritzung bzw. der Volumenaufbau direkt dauert aber nicht l\u00e4nger als 15 Minuten. Den Rest der Zeit ben\u00f6tigt die eventuelle Salbenbet\u00e4ubung, die Aufkl\u00e4rung und die Fotodokumentation.<br \/>\n<\/div><\/div>\n\n\n<div class=\"su-spoiler su-spoiler-style-default su-spoiler-icon-plus su-spoiler-closed\" data-scroll-offset=\"0\" data-anchor-in-url=\"no\"><div class=\"su-spoiler-title\" tabindex=\"0\" role=\"button\"><span class=\"su-spoiler-icon\"><\/span>Wann kann ich mit sichtbaren Ergebnissen rechnen?<\/div><div class=\"su-spoiler-content su-u-clearfix su-u-trim\">\nBei einer Behandlung mit Botulinum h\u00e4ngt die Dauer bis zum Wirkeintritt von verschieden individuellen Faktoren ab. Grob kann ein Wirkeintritt von ca. 5-7 Tagen nach der Injektion ausgegangen werden.<br \/>\nBei einer Behandlung mit Hyalurons\u00e4ure-Fillern sehen sie direkt nach der Faltenunterspritzung bzw. dem Volumenaufbau ein sichtbares Ergebnis. Die Falten werden angehoben und ihre Tiefe wird sichtbar reduziert. Durch die Hautmanipulation sind die Bereiche jedoch in den meisten F\u00e4llen noch kurz ger\u00f6tet.  Nach ungef\u00e4hr einer Woche hat sich die Hyalurons\u00e4ure &#8211; durch den Druck im Gewebe &#8211; in den richtigen Hautschichten verteilt. Nun sieht das Gesicht noch ebenm\u00e4\u00dfiger aus.<br \/>\n<\/div><\/div>\n\n\n<div class=\"su-spoiler su-spoiler-style-default su-spoiler-icon-plus su-spoiler-closed\" data-scroll-offset=\"0\" data-anchor-in-url=\"no\"><div class=\"su-spoiler-title\" tabindex=\"0\" role=\"button\"><span class=\"su-spoiler-icon\"><\/span>Bin ich nach der Behandlung gesellschaftsf\u00e4hig?<\/div><div class=\"su-spoiler-content su-u-clearfix su-u-trim\">\nIn der Regel sind sie unmittelbar nach einer Behandlung mit Botulinumtoxin oder Hyalurons\u00e4ure-Fillern wieder gesellschaftsf\u00e4hig. Teilweise kann es zu kleinen blauen Flecken oder R\u00f6tungen sowie leichten Schwellungen kommen. Dies l\u00e4sst sich gut mit einem leichten Tages Make-up \u00fcberschminken und ist innerhalb weniger Tage verschwunden.<br \/>\n<\/div><\/div>\n\n\n<div class=\"su-spoiler su-spoiler-style-default su-spoiler-icon-plus su-spoiler-closed\" data-scroll-offset=\"0\" data-anchor-in-url=\"no\"><div class=\"su-spoiler-title\" tabindex=\"0\" role=\"button\"><span class=\"su-spoiler-icon\"><\/span>Wie lange halten die Ergebnisse an?<\/div><div class=\"su-spoiler-content su-u-clearfix su-u-trim\">\nDie Wirkdauer nach Behandlung mit Hyalurons\u00e4ure-Fillern und Botulinumtoxin h\u00e4ngt von verschiedenen Faktoren ab (wie z.B.: Produktwahl, behandeltes Areal, Injektionstechnik, Hauteigenschaften und Stoffwechsel des Patienten). In Einzelf\u00e4llen kann die Wirkung daher k\u00fcrzer oder sogar l\u00e4nger sein. Im Durchschnitt kann mit einer Wirkdauer von 9-12 Monaten nach Hyalurons\u00e4ure Behandlungen und von 3-6 Monaten nach Botulinumtoxin Behandlungen gerechnet werden. Durch Auffrischungsbehandlungen l\u00e4sst sich das Ergebnis aufrechterhalten.<br \/>\n<\/div><\/div>\n\n\n<div class=\"su-spoiler su-spoiler-style-default su-spoiler-icon-plus su-spoiler-closed\" data-scroll-offset=\"0\" data-anchor-in-url=\"no\"><div class=\"su-spoiler-title\" tabindex=\"0\" role=\"button\"><span class=\"su-spoiler-icon\"><\/span>Was soll ich vor der Behandlung beachten?<\/div><div class=\"su-spoiler-content su-u-clearfix su-u-trim\">\nVor der Behandlung ist keine gro\u00dfe Vorsorge notwendig. Lediglich auf eine bedarfsm\u00e4\u00dfige Einnahme von Acetylsalizyls\u00e4ure (ASS, Aspirin) zur Schmerztherapie sollten Sie in R\u00fccksprache mit Ihrem Arzt bis zu sieben Tage vor dem Eingriff verzichten. Da ansonsten das Risiko von blauen Flecken ansteigt. Sollten Sie regelm\u00e4\u00dfig blutverd\u00fcnnende Medikamente einnehmen oder an einer Erkrankung leiden, k\u00f6nnen bei einem Beratungsgespr\u00e4ch vorab alle Ihre Fragen beantwortet werden.<br \/>\n<\/div><\/div>\n\n\n<div class=\"su-spoiler su-spoiler-style-default su-spoiler-icon-plus su-spoiler-closed\" data-scroll-offset=\"0\" data-anchor-in-url=\"no\"><div class=\"su-spoiler-title\" tabindex=\"0\" role=\"button\"><span class=\"su-spoiler-icon\"><\/span>Was soll ich nach der Faltenunterspritzung mit Hyalurons\u00e4ure beachten?<\/div><div class=\"su-spoiler-content su-u-clearfix su-u-trim\">\nIn den ersten 48 Stunden nach der Behandlung, sollten Sie Sport, Sauna und hei\u00dfe B\u00e4der vermeiden.  Um Pigmentst\u00f6rungen zu verhindern darf in den ersten 8 Tagen nach der Behandlung die Haut weder \u00fcberm\u00e4\u00dfiger Sonneneinstrahlung noch k\u00fcnstlichem UV-Licht ausgesetzt werden. Die K\u00fchlung der Haut vor und nach der Behandlung reduziert das Risiko von Schwellungen und blauen Flecken. Schminken d\u00fcrfen sie sich ca. 1 Stunde nach der Behandlung.<br \/>\n<\/div><\/div>\n\n\n<div class=\"su-spoiler su-spoiler-style-default su-spoiler-icon-plus su-spoiler-closed\" data-scroll-offset=\"0\" data-anchor-in-url=\"no\"><div class=\"su-spoiler-title\" tabindex=\"0\" role=\"button\"><span class=\"su-spoiler-icon\"><\/span>Was muss ich nach der Injektion von Botulinumtoxin beachten?<\/div><div class=\"su-spoiler-content su-u-clearfix su-u-trim\">\nAm Tag der Injektion, am besten f\u00fcr 48 Stunden, sollte auf Sport, Sauna oder direkte oder indirekte UV-Strahlung verzichtet werden. Kosmetische Behandlungen oder eine Massage des behandelten Gewebes sollte ebenfalls unterlassen werden. Das Auftragen von Make-Up ist wenige Stunden nach der Behandlung wieder m\u00f6glich.<br \/>\n<\/div><\/div>\n","protected":false},"excerpt":{"rendered":"","protected":false},"author":1,"featured_media":0,"parent":0,"menu_order":0,"comment_status":"closed","ping_status":"closed","template":"","meta":{"footnotes":""},"class_list":["post-128","page","type-page","status-publish","hentry"],"_links":{"self":[{"href":"http:\/\/arztpraxis-bleicher.de\/index.php?rest_route=\/wp\/v2\/pages\/128","targetHints":{"allow":["GET"]}}],"collection":[{"href":"http:\/\/arztpraxis-bleicher.de\/index.php?rest_route=\/wp\/v2\/pages"}],"about":[{"href":"http:\/\/arztpraxis-bleicher.de\/index.php?rest_route=\/wp\/v2\/types\/page"}],"author":[{"embeddable":true,"href":"http:\/\/arztpraxis-bleicher.de\/index.php?rest_route=\/wp\/v2\/users\/1"}],"replies":[{"embeddable":true,"href":"http:\/\/arztpraxis-bleicher.de\/index.php?rest_route=%2Fwp%2Fv2%2Fcomments&post=128"}],"version-history":[{"count":2,"href":"http:\/\/arztpraxis-bleicher.de\/index.php?rest_route=\/wp\/v2\/pages\/128\/revisions"}],"predecessor-version":[{"id":132,"href":"http:\/\/arztpraxis-bleicher.de\/index.php?rest_route=\/wp\/v2\/pages\/128\/revisions\/132"}],"wp:attachment":[{"href":"http:\/\/arztpraxis-bleicher.de\/index.php?rest_route=%2Fwp%2Fv2%2Fmedia&parent=128"}],"curies":[{"name":"wp","href":"https:\/\/api.w.org\/{rel}","templated":true}]}}