{"id":98,"date":"2018-12-16T19:10:07","date_gmt":"2018-12-16T19:10:07","guid":{"rendered":"http:\/\/arztpraxis-bleicher.de\/?page_id=98"},"modified":"2018-12-16T19:17:12","modified_gmt":"2018-12-16T19:17:12","slug":"hyaluronsaeure","status":"publish","type":"page","link":"http:\/\/arztpraxis-bleicher.de\/?page_id=98","title":{"rendered":"Hyalurons\u00e4ure"},"content":{"rendered":"<div class=\"su-spoiler su-spoiler-style-default su-spoiler-icon-plus su-spoiler-closed\" data-scroll-offset=\"0\" data-anchor-in-url=\"no\"><div class=\"su-spoiler-title\" tabindex=\"0\" role=\"button\"><span class=\"su-spoiler-icon\"><\/span>Was ist Hyalurons\u00e4ure?<\/div><div class=\"su-spoiler-content su-u-clearfix su-u-trim\">\nHyalurons\u00e4ure ist ein nat\u00fcrlicher Bestandteil des Bindegewebes. In der Haut \u00fcbernimmt Hyalurons\u00e4ure unterschiedliche Aufgaben. Sie dient beispielsweise als Feuchtigkeitsspender und vermittelt der Haut F\u00fclle und Elastizit\u00e4t. Bereits im Alter von 18 Jahren beginnt der Hyalurons\u00e4ure-Abbau und nimmt mit steigendem Alter immer weiter ab. Mit 40 Jahren sind nur noch 50% der urspr\u00fcnglichen Menge an Hyalurons\u00e4ure in der Haut vorhanden. Die daraus entstehende trockene, raue und erschlaffte Haut f\u00f6rdert die Faltenbildung.<br \/>\n<\/div><\/div>\n\n\n<div class=\"su-spoiler su-spoiler-style-default su-spoiler-icon-plus su-spoiler-closed\" data-scroll-offset=\"0\" data-anchor-in-url=\"no\"><div class=\"su-spoiler-title\" tabindex=\"0\" role=\"button\"><span class=\"su-spoiler-icon\"><\/span>Was sind Hyalurons\u00e4ure-Filler?<\/div><div class=\"su-spoiler-content su-u-clearfix su-u-trim\">\nBei Hyalurons\u00e4ure Fillern handelt es sich um sterile Gele aus vernetzter Hyalurons\u00e4ure nicht-tierischer Herkunft. Sie enthalten weiterhin phosphatgepufferte Kochsalzl\u00f6sung. Einige Produkte enthalten zus\u00e4tzlich das lokale Bet\u00e4ubungsmittel Lidocain (0,3% Lidocainhydrochlorid). Sollten sie gegen Lidocain allergisch sein, bietet sich einen Behandlungsm\u00f6glichkeit mit lidocain-freien Fillern.<br \/>\n<\/div><\/div>\n\n\n<div class=\"su-spoiler su-spoiler-style-default su-spoiler-icon-plus su-spoiler-closed\" data-scroll-offset=\"0\" data-anchor-in-url=\"no\"><div class=\"su-spoiler-title\" tabindex=\"0\" role=\"button\"><span class=\"su-spoiler-icon\"><\/span>Anwendung von Hyalurons\u00e4ure-Fillern<\/div><div class=\"su-spoiler-content su-u-clearfix su-u-trim\">\nHyalurons\u00e4ure Filler werden zur Reduktion von oberfl\u00e4chlichen bis hin zu tief ausgepr\u00e4gten Falten, zur Wiederherstellung von Volumen und zur Konturierung im Gesicht angewandt. Vernetzte Hyalurons\u00e4ure dient beispielsweise als F\u00fcllsubstanz. Durch Injektion in bzw. unter die Haut kann sie verloren gegangenes Volumen wiederherstellen. Die Wasser bindenden Eigenschaften von injizierter Hyalurons\u00e4ure haben ebenfalls weitere positive Effekte auf das Hautbild.<br \/>\n<\/div><\/div>\n\n\n<div class=\"su-spoiler su-spoiler-style-default su-spoiler-icon-plus su-spoiler-closed\" data-scroll-offset=\"0\" data-anchor-in-url=\"no\"><div class=\"su-spoiler-title\" tabindex=\"0\" role=\"button\"><span class=\"su-spoiler-icon\"><\/span>Behandlungsablauf und Ergebnis<\/div><div class=\"su-spoiler-content su-u-clearfix su-u-trim\">\nDie relevanten Hautareale werden gereinigt und desinfiziert. Danach wird mittels d\u00fcnner Nadeln die ben\u00f6tigte Menge des Hyaluron in bzw. unter die Haut injiziert.<br \/>\nDurch das Injizieren des Fillers k\u00f6nnten Sie einen leichten Druck versp\u00fcren, dieser l\u00e4sst nach der Injektion schnell nach. Je nach Wunsch des Patienten kann das Schmerzempfinden durch das Einf\u00fchren der Kan\u00fcle\/Nadel in die Haut mithilfe einer speziellen Bet\u00e4ubungsmittelsalbe stark reduziert werden. Zudem enthalten die Hyalurons\u00e4ure-Filler standardm\u00e4\u00dfig Lidocain. \u00c4hnlich wie bei der Spritze beim Zahnarzt ist das Schmerz- und Temperaturempfinden im behandelten Bereich f\u00fcr ca. 2 Stunden eingeschr\u00e4nkt.<br \/>\nDie Behandlung an sich wird innerhalb von 20-30 Minuten im ambulanten Rahmen durchgef\u00fchrt. Ein erstes Ergebnis ist in der Regel direkt nach der Behandlung sichtbar. Aufgrund der wasserbindenden Eigenschaften von Hyalurons\u00e4ure stellt sich das finale Ergebnis innerhalb weniger Wochen ein.<br \/>\n<\/div><\/div>\n\n\n<div class=\"su-spoiler su-spoiler-style-default su-spoiler-icon-plus su-spoiler-closed\" data-scroll-offset=\"0\" data-anchor-in-url=\"no\"><div class=\"su-spoiler-title\" tabindex=\"0\" role=\"button\"><span class=\"su-spoiler-icon\"><\/span>Wie lange h\u00e4lt die Wirkung?<\/div><div class=\"su-spoiler-content su-u-clearfix su-u-trim\">\nDie Wirkdauer nach Behandlung mit Hyalurons\u00e4ure-Fillern h\u00e4ngt von verschiedenen Faktoren ab (wie z.B.: Produktwahl, behandeltes Areal, Injektionstechnik, Hauteigenschaften und Stoffwechsel des Patienten). In Einzelf\u00e4llen kann die Wirkung daher k\u00fcrzer oder sogar l\u00e4nger sein. Durch Auffrischungsbehandlungen l\u00e4sst sich das Ergebnis aufrechterhalten.<br \/>\n<\/div><\/div>\n\n\n<div class=\"su-spoiler su-spoiler-style-default su-spoiler-icon-plus su-spoiler-closed\" data-scroll-offset=\"0\" data-anchor-in-url=\"no\"><div class=\"su-spoiler-title\" tabindex=\"0\" role=\"button\"><span class=\"su-spoiler-icon\"><\/span>Behandlungsbereiche und Wirkdauer<\/div><div class=\"su-spoiler-content su-u-clearfix su-u-trim\">\n\u2022\tNasolabialfalten (ca. 6-12 Monate)<br \/>\n\u2022\tMarionettenlinien und abgesunkene Mundwinkel (ca. 6-12 Monate)<br \/>\n\u2022\tWangen, Wangenknochen (ca. 9-24 Monate)<br \/>\n\u2022\tLippenvolumen oder Lippenkontur (ca. 4-12 Monate)<br \/>\n\u2022\tF\u00e4ltchen im Lippenbereich (ca. 6-12 Monate)<br \/>\n\u2022\tdunkle Augenringe, Augenschatten (ca. 12-24 Monate)<br \/>\n\u2022\tF\u00e4ltchen im Lippenbereich (ca. 6-12 Monate)<br \/>\n<\/div><\/div>\n\n\n<div class=\"su-spoiler su-spoiler-style-default su-spoiler-icon-plus su-spoiler-closed\" data-scroll-offset=\"0\" data-anchor-in-url=\"no\"><div class=\"su-spoiler-title\" tabindex=\"0\" role=\"button\"><span class=\"su-spoiler-icon\"><\/span>Was soll ich nach der Faltenunterspritzung mit Hyalurons\u00e4ure beachten?<\/div><div class=\"su-spoiler-content su-u-clearfix su-u-trim\">\nIn den ersten 48 Stunden nach der Behandlung, sollten Sie Sport, Sauna und hei\u00dfe B\u00e4der vermeiden.  Um Pigmentst\u00f6rungen zu verhindern darf in den ersten 8 Tagen nach der Behandlung die Haut weder \u00fcberm\u00e4\u00dfiger Sonneneinstrahlung noch k\u00fcnstlichem UV-Licht ausgesetzt werden. Die K\u00fchlung der Haut vor und nach der Behandlung reduziert das Risiko von Schwellungen und blauen Flecken. Schminken d\u00fcrfen sie sich ca. 1 Stunde nach der Behandlung.<br \/>\n<\/div><\/div>\n\n\n<div class=\"su-spoiler su-spoiler-style-default su-spoiler-icon-plus su-spoiler-closed\" data-scroll-offset=\"0\" data-anchor-in-url=\"no\"><div class=\"su-spoiler-title\" tabindex=\"0\" role=\"button\"><span class=\"su-spoiler-icon\"><\/span>Vorteile der Behandlung mit Hyalurons\u00e4ure-Fillern<\/div><div class=\"su-spoiler-content su-u-clearfix su-u-trim\">\n\u2022\tErste Ergebnisse sind sofort sichtbar<br \/>\n\u2022\tnat\u00fcrlicher Baustein der Haut<br \/>\n\u2022\tvollst\u00e4ndig abbaubares Produkt nicht-animalischer Herkunft<br \/>\n\u2022\tnat\u00fcrliche Gesichtsmimik bleibt erhalten<br \/>\n\u2022\tErgebnisse sind sofort sichtbar<br \/>\n\u2022\tVolumengebung, Lifting-Effekt und Verbesserung der Hautqualit\u00e4t<br \/>\n\u2022\thohe Patientenzufriedenheit<br \/>\n\u2022\tlanganhaltende Wirkung von bis zu zwei Jahren<br \/>\n\u2022\tschmerzarme Behandlung<br \/>\n<\/div><\/div>\n\n\n<div class=\"su-spoiler su-spoiler-style-default su-spoiler-icon-plus su-spoiler-closed\" data-scroll-offset=\"0\" data-anchor-in-url=\"no\"><div class=\"su-spoiler-title\" tabindex=\"0\" role=\"button\"><span class=\"su-spoiler-icon\"><\/span>Welche Nebenwirkungen k\u00f6nnen auftreten?<\/div><div class=\"su-spoiler-content su-u-clearfix su-u-trim\">\nDie Faltenunterspritzung mit Hyalurons\u00e4ure-Fillern ist Goldstandard in der minimalinvasiven \u00e4sthetischen Medizin. Jedoch kann es bei jedoch medizinischem Eingriff zu unerw\u00fcnschten Nebenwirkungen kommen. Einige Nebenwirkungen sind h\u00e4ufig und k\u00f6nnen nach jeder Behandlung auftreten. Hierzu z\u00e4hlen kleine blaue Flecke, leichte Schwellungen und Hautr\u00f6tungen. In der Regel klingen diese Nebenwirkungen innerhalb weniger Stunden bis Tage ab.<br \/>\nSeltener oder sehr seltene Nebenwirkungen sind Infektionen, Verh\u00e4rtungen und arterielle Embolien.  Diese kommen zum Gl\u00fcck nur sehr selten vor und k\u00f6nnen behandelt werden. Sollten unerw\u00fcnschte Nebenwirkungen auftreten kann ein Gegenmittel verabreicht werden um die Wirkung der Hyalurons\u00e4ure aufzuheben.<br \/>\n<\/div><\/div>\n","protected":false},"excerpt":{"rendered":"","protected":false},"author":1,"featured_media":0,"parent":62,"menu_order":2,"comment_status":"closed","ping_status":"closed","template":"","meta":{"footnotes":""},"class_list":["post-98","page","type-page","status-publish","hentry"],"_links":{"self":[{"href":"http:\/\/arztpraxis-bleicher.de\/index.php?rest_route=\/wp\/v2\/pages\/98","targetHints":{"allow":["GET"]}}],"collection":[{"href":"http:\/\/arztpraxis-bleicher.de\/index.php?rest_route=\/wp\/v2\/pages"}],"about":[{"href":"http:\/\/arztpraxis-bleicher.de\/index.php?rest_route=\/wp\/v2\/types\/page"}],"author":[{"embeddable":true,"href":"http:\/\/arztpraxis-bleicher.de\/index.php?rest_route=\/wp\/v2\/users\/1"}],"replies":[{"embeddable":true,"href":"http:\/\/arztpraxis-bleicher.de\/index.php?rest_route=%2Fwp%2Fv2%2Fcomments&post=98"}],"version-history":[{"count":3,"href":"http:\/\/arztpraxis-bleicher.de\/index.php?rest_route=\/wp\/v2\/pages\/98\/revisions"}],"predecessor-version":[{"id":107,"href":"http:\/\/arztpraxis-bleicher.de\/index.php?rest_route=\/wp\/v2\/pages\/98\/revisions\/107"}],"up":[{"embeddable":true,"href":"http:\/\/arztpraxis-bleicher.de\/index.php?rest_route=\/wp\/v2\/pages\/62"}],"wp:attachment":[{"href":"http:\/\/arztpraxis-bleicher.de\/index.php?rest_route=%2Fwp%2Fv2%2Fmedia&parent=98"}],"curies":[{"name":"wp","href":"https:\/\/api.w.org\/{rel}","templated":true}]}}